{"id":1243,"date":"2025-08-25T17:57:47","date_gmt":"2025-08-25T15:57:47","guid":{"rendered":"https:\/\/ellecubica.it\/en\/?page_id=1243"},"modified":"2025-10-13T17:26:50","modified_gmt":"2025-10-13T15:26:50","slug":"trova-il-tuo-coach","status":"publish","type":"page","link":"https:\/\/ellecubica.it\/en\/trova-il-tuo-coach\/","title":{"rendered":"Trova il tuo coach"},"content":{"rendered":"\n\n\n\t<section class=\"hero-banner aligncenter plr-10\" data-block=\"block_47ff943a6af8133104b4f2ec1a114300\">\n\n\n\t\t\t\t\t<img decoding=\"async\" src=\"https:\/\/ellecubica.it\/en\/wp-content\/uploads\/sites\/3\/coaching-di-gruppo-.webp\" alt=\"https:\/\/ellecubica.it\/en\/wp-content\/uploads\/sites\/3\/coaching-di-gruppo-.webp\" class=\"cover\">\n\t\t\n\n\t\t<div class=\"text-wrap color-white pt-100 pb-100\">\n\n\t\t\t\t\t\t\t<div class=\"custom-breadcrumb color-white\" data-scrollreveal=\"fade-right\"><\/div>\n\t\t\t\n\n\t\t\t<div class=\"text\" data-scrollreveal=\"fade-up\">\n\n\t\t\t\t\t\t\t\t\t<h1>Trova il tuo coach.<\/h1>\n<p>In Ellecubica lavorano <strong>coach qualificati, certificati e<\/strong> <strong>pronti per accompagnarti<\/strong> nel tuo percorso di crescita personale e professionale, con competenze specifiche e approccio dinamico.<\/p>\n\n\t\t\t\t\t\t\t<\/div>\n\n\t\t\t<div class=\"cta-wrap\" data-scrollreveal=\"fade-up\">\n\n\t\t\t\t\t\t\t<\/div>\n\n\t\t<\/div>\n\n\t\t\n\t<\/section>\n\n\n\n\n<section class=\"trova-coach aligncenter plr-10 pt-100 pb-100\" data-block=\"block_fe6b6dde5848968e7b1bd0b3eab71bec\">\n\n\t<div class=\"filters-bar\">\n\n\t\t<div class=\"filters\">\n\n\t\t\t\t\t\t\t<div class=\"filter\" data-filter=\"esperienza\">\n\t\t\t\t\t<button class=\"filter-toggle\" type=\"button\" aria-haspopup=\"listbox\" aria-expanded=\"false\">\n\t\t\t\t\t\t<span class=\"label\">Anni di esperienza<\/span>\n\n\t\t\t\t\t\t<span class=\"chevron\" aria-hidden=\"true\"><\/span>\n\t\t\t\t\t<\/button>\n\t\t\t\t\t<ul class=\"dropdown\" role=\"listbox\">\n\t\t\t\t\t\t\t\t\t\t\t\t\t<li role=\"option\" class=\"option js-filter\" data-value=\"1-5\" data-tax=\"esperienza\" data-term=\"42\">1-5<\/li>\n\t\t\t\t\t\t\t\t\t\t\t\t\t<li role=\"option\" class=\"option js-filter\" data-value=\"6-10\" data-tax=\"esperienza\" data-term=\"43\">6-10<\/li>\n\t\t\t\t\t\t\t\t\t\t\t\t\t<li role=\"option\" class=\"option js-filter\" data-value=\"Oltre 10\" data-tax=\"esperienza\" data-term=\"75\">Oltre 10<\/li>\n\t\t\t\t\t\t\t\t\t\t\t<\/ul>\n\t\t\t\t<\/div>\n\t\t\t\t\t\t\t<div class=\"filter\" data-filter=\"esperienza-come-coach\">\n\t\t\t\t\t<button class=\"filter-toggle\" type=\"button\" aria-haspopup=\"listbox\" aria-expanded=\"false\">\n\t\t\t\t\t\t<span class=\"label\">Anni di esperienza come Coach<\/span>\n\n\t\t\t\t\t\t<span class=\"chevron\" aria-hidden=\"true\"><\/span>\n\t\t\t\t\t<\/button>\n\t\t\t\t\t<ul class=\"dropdown\" role=\"listbox\">\n\t\t\t\t\t\t\t\t\t\t\t\t\t<li role=\"option\" class=\"option js-filter\" data-value=\"1\u20133 anni\" data-tax=\"esperienza-come-coach\" data-term=\"74\">1\u20133 anni<\/li>\n\t\t\t\t\t\t\t\t\t\t\t\t\t<li role=\"option\" class=\"option js-filter\" data-value=\"4\u20136 anni\" data-tax=\"esperienza-come-coach\" data-term=\"79\">4\u20136 anni<\/li>\n\t\t\t\t\t\t\t\t\t\t\t\t\t<li role=\"option\" class=\"option js-filter\" data-value=\"Meno di 1 anno\" data-tax=\"esperienza-come-coach\" data-term=\"76\">Meno di 1 anno<\/li>\n\t\t\t\t\t\t\t\t\t\t\t\t\t<li role=\"option\" class=\"option js-filter\" data-value=\"Oltre 6 anni\" data-tax=\"esperienza-come-coach\" data-term=\"77\">Oltre 6 anni<\/li>\n\t\t\t\t\t\t\t\t\t\t\t<\/ul>\n\t\t\t\t<\/div>\n\t\t\t\t\t\t\t<div class=\"filter\" data-filter=\"lingua\">\n\t\t\t\t\t<button class=\"filter-toggle\" type=\"button\" aria-haspopup=\"listbox\" aria-expanded=\"false\">\n\t\t\t\t\t\t<span class=\"label\">Lingue<\/span>\n\n\t\t\t\t\t\t<span class=\"chevron\" aria-hidden=\"true\"><\/span>\n\t\t\t\t\t<\/button>\n\t\t\t\t\t<ul class=\"dropdown\" role=\"listbox\">\n\t\t\t\t\t\t\t\t\t\t\t\t\t<li role=\"option\" class=\"option js-filter\" data-value=\"Francese\" data-tax=\"lingua\" data-term=\"45\">Francese<\/li>\n\t\t\t\t\t\t\t\t\t\t\t\t\t<li role=\"option\" class=\"option js-filter\" data-value=\"Inglese\" data-tax=\"lingua\" data-term=\"21\">Inglese<\/li>\n\t\t\t\t\t\t\t\t\t\t\t\t\t<li role=\"option\" class=\"option js-filter\" data-value=\"Italiano\" data-tax=\"lingua\" data-term=\"19\">Italiano<\/li>\n\t\t\t\t\t\t\t\t\t\t\t\t\t<li role=\"option\" class=\"option js-filter\" data-value=\"Spagnolo\" data-tax=\"lingua\" data-term=\"46\">Spagnolo<\/li>\n\t\t\t\t\t\t\t\t\t\t\t\t\t<li role=\"option\" class=\"option js-filter\" data-value=\"Tedesco\" data-tax=\"lingua\" data-term=\"20\">Tedesco<\/li>\n\t\t\t\t\t\t\t\t\t\t\t<\/ul>\n\t\t\t\t<\/div>\n\t\t\t\t\t\t\t<div class=\"filter\" data-filter=\"modalita-erogazione\">\n\t\t\t\t\t<button class=\"filter-toggle\" type=\"button\" aria-haspopup=\"listbox\" aria-expanded=\"false\">\n\t\t\t\t\t\t<span class=\"label\">Modalit\u00e0 di erogazione<\/span>\n\n\t\t\t\t\t\t<span class=\"chevron\" aria-hidden=\"true\"><\/span>\n\t\t\t\t\t<\/button>\n\t\t\t\t\t<ul class=\"dropdown\" role=\"listbox\">\n\t\t\t\t\t\t\t\t\t\t\t\t\t<li role=\"option\" class=\"option js-filter\" data-value=\"In presenza\" data-tax=\"modalita-erogazione\" data-term=\"58\">In presenza<\/li>\n\t\t\t\t\t\t\t\t\t\t\t\t\t<li role=\"option\" class=\"option js-filter\" data-value=\"Online\" data-tax=\"modalita-erogazione\" data-term=\"59\">Online<\/li>\n\t\t\t\t\t\t\t\t\t\t\t\t\t<li role=\"option\" class=\"option js-filter\" data-value=\"Outdoor\" data-tax=\"modalita-erogazione\" data-term=\"60\">Outdoor<\/li>\n\t\t\t\t\t\t\t\t\t\t\t<\/ul>\n\t\t\t\t<\/div>\n\t\t\t\t\t\t\t<div class=\"filter\" data-filter=\"specializzazione\">\n\t\t\t\t\t<button class=\"filter-toggle\" type=\"button\" aria-haspopup=\"listbox\" aria-expanded=\"false\">\n\t\t\t\t\t\t<span class=\"label\">Specializzazioni<\/span>\n\n\t\t\t\t\t\t<span class=\"chevron\" aria-hidden=\"true\"><\/span>\n\t\t\t\t\t<\/button>\n\t\t\t\t\t<ul class=\"dropdown\" role=\"listbox\">\n\t\t\t\t\t\t\t\t\t\t\t\t\t<li role=\"option\" class=\"option js-filter\" data-value=\"Benessere in azienda\" data-tax=\"specializzazione\" data-term=\"32\">Benessere in azienda<\/li>\n\t\t\t\t\t\t\t\t\t\t\t\t\t<li role=\"option\" class=\"option js-filter\" data-value=\"Cambio lavoro\" data-tax=\"specializzazione\" data-term=\"38\">Cambio lavoro<\/li>\n\t\t\t\t\t\t\t\t\t\t\t\t\t<li role=\"option\" class=\"option js-filter\" data-value=\"Change management\" data-tax=\"specializzazione\" data-term=\"24\">Change management<\/li>\n\t\t\t\t\t\t\t\t\t\t\t\t\t<li role=\"option\" class=\"option js-filter\" data-value=\"Comunicazione efficace\" data-tax=\"specializzazione\" data-term=\"23\">Comunicazione efficace<\/li>\n\t\t\t\t\t\t\t\t\t\t\t\t\t<li role=\"option\" class=\"option js-filter\" data-value=\"Convivenza e passaggio generazionale\" data-tax=\"specializzazione\" data-term=\"36\">Convivenza e passaggio generazionale<\/li>\n\t\t\t\t\t\t\t\t\t\t\t\t\t<li role=\"option\" class=\"option js-filter\" data-value=\"Crescita di carriera\" data-tax=\"specializzazione\" data-term=\"39\">Crescita di carriera<\/li>\n\t\t\t\t\t\t\t\t\t\t\t\t\t<li role=\"option\" class=\"option js-filter\" data-value=\"Diversity\" data-tax=\"specializzazione\" data-term=\"80\">Diversity<\/li>\n\t\t\t\t\t\t\t\t\t\t\t\t\t<li role=\"option\" class=\"option js-filter\" data-value=\"Equity\" data-tax=\"specializzazione\" data-term=\"81\">Equity<\/li>\n\t\t\t\t\t\t\t\t\t\t\t\t\t<li role=\"option\" class=\"option js-filter\" data-value=\"Gestione conflitti\" data-tax=\"specializzazione\" data-term=\"41\">Gestione conflitti<\/li>\n\t\t\t\t\t\t\t\t\t\t\t\t\t<li role=\"option\" class=\"option js-filter\" data-value=\"Gestione del team\" data-tax=\"specializzazione\" data-term=\"30\">Gestione del team<\/li>\n\t\t\t\t\t\t\t\t\t\t\t\t\t<li role=\"option\" class=\"option js-filter\" data-value=\"Gestione dello stress\" data-tax=\"specializzazione\" data-term=\"78\">Gestione dello stress<\/li>\n\t\t\t\t\t\t\t\t\t\t\t\t\t<li role=\"option\" class=\"option js-filter\" data-value=\"HR management\" data-tax=\"specializzazione\" data-term=\"31\">HR management<\/li>\n\t\t\t\t\t\t\t\t\t\t\t\t\t<li role=\"option\" class=\"option js-filter\" data-value=\"Inclusion\" data-tax=\"specializzazione\" data-term=\"82\">Inclusion<\/li>\n\t\t\t\t\t\t\t\t\t\t\t\t\t<li role=\"option\" class=\"option js-filter\" data-value=\"Intelligenza emotiva\" data-tax=\"specializzazione\" data-term=\"28\">Intelligenza emotiva<\/li>\n\t\t\t\t\t\t\t\t\t\t\t\t\t<li role=\"option\" class=\"option js-filter\" data-value=\"Leadership\" data-tax=\"specializzazione\" data-term=\"22\">Leadership<\/li>\n\t\t\t\t\t\t\t\t\t\t\t\t\t<li role=\"option\" class=\"option js-filter\" data-value=\"Miglioramento performance\" data-tax=\"specializzazione\" data-term=\"40\">Miglioramento performance<\/li>\n\t\t\t\t\t\t\t\t\t\t\t\t\t<li role=\"option\" class=\"option js-filter\" data-value=\"Motivazione\" data-tax=\"specializzazione\" data-term=\"26\">Motivazione<\/li>\n\t\t\t\t\t\t\t\t\t\t\t\t\t<li role=\"option\" class=\"option js-filter\" data-value=\"Personal branding\" data-tax=\"specializzazione\" data-term=\"35\">Personal branding<\/li>\n\t\t\t\t\t\t\t\t\t\t\t\t\t<li role=\"option\" class=\"option js-filter\" data-value=\"Time management\" data-tax=\"specializzazione\" data-term=\"25\">Time management<\/li>\n\t\t\t\t\t\t\t\t\t\t\t\t\t<li role=\"option\" class=\"option js-filter\" data-value=\"Vendita e marketing\" data-tax=\"specializzazione\" data-term=\"34\">Vendita e marketing<\/li>\n\t\t\t\t\t\t\t\t\t\t\t\t\t<li role=\"option\" class=\"option js-filter\" data-value=\"Work-life balance\" data-tax=\"specializzazione\" data-term=\"33\">Work-life balance<\/li>\n\t\t\t\t\t\t\t\t\t\t\t<\/ul>\n\t\t\t\t<\/div>\n\t\t\t\t\t\t\t<div class=\"filter\" data-filter=\"tipologia\">\n\t\t\t\t\t<button class=\"filter-toggle\" type=\"button\" aria-haspopup=\"listbox\" aria-expanded=\"false\">\n\t\t\t\t\t\t<span class=\"label\">Tipologie<\/span>\n\n\t\t\t\t\t\t<span class=\"chevron\" aria-hidden=\"true\"><\/span>\n\t\t\t\t\t<\/button>\n\t\t\t\t\t<ul class=\"dropdown\" role=\"listbox\">\n\t\t\t\t\t\t\t\t\t\t\t\t\t<li role=\"option\" class=\"option js-filter\" data-value=\"Business coaching\" data-tax=\"tipologia\" data-term=\"49\">Business coaching<\/li>\n\t\t\t\t\t\t\t\t\t\t\t\t\t<li role=\"option\" class=\"option js-filter\" data-value=\"Career coaching\" data-tax=\"tipologia\" data-term=\"55\">Career coaching<\/li>\n\t\t\t\t\t\t\t\t\t\t\t\t\t<li role=\"option\" class=\"option js-filter\" data-value=\"Corporate coaching\" data-tax=\"tipologia\" data-term=\"51\">Corporate coaching<\/li>\n\t\t\t\t\t\t\t\t\t\t\t\t\t<li role=\"option\" class=\"option js-filter\" data-value=\"Executive coaching\" data-tax=\"tipologia\" data-term=\"50\">Executive coaching<\/li>\n\t\t\t\t\t\t\t\t\t\t\t\t\t<li role=\"option\" class=\"option js-filter\" data-value=\"Group coaching\" data-tax=\"tipologia\" data-term=\"47\">Group coaching<\/li>\n\t\t\t\t\t\t\t\t\t\t\t\t\t<li role=\"option\" class=\"option js-filter\" data-value=\"Parent e teen coaching\" data-tax=\"tipologia\" data-term=\"56\">Parent e teen coaching<\/li>\n\t\t\t\t\t\t\t\t\t\t\t\t\t<li role=\"option\" class=\"option js-filter\" data-value=\"Team coaching\" data-tax=\"tipologia\" data-term=\"48\">Team coaching<\/li>\n\t\t\t\t\t\t\t\t\t\t\t\t\t<li role=\"option\" class=\"option js-filter\" data-value=\"Trekking coaching\" data-tax=\"tipologia\" data-term=\"54\">Trekking coaching<\/li>\n\t\t\t\t\t\t\t\t\t\t\t\t\t<li role=\"option\" class=\"option js-filter\" data-value=\"Wellbeing coaching\" data-tax=\"tipologia\" data-term=\"53\">Wellbeing coaching<\/li>\n\t\t\t\t\t\t\t\t\t\t\t<\/ul>\n\t\t\t\t<\/div>\n\t\t\t\n\n\t\t<\/div>\n\n\t\t<div class=\"bottom-wrap\">\n\n\t\t\t<div class=\"active-filters\" aria-live=\"polite\" aria-label=\"Filtri attivi\"><\/div>\n\n\t\t\t<div class=\"clear-filters-wrap\">\n\t\t\t\t<button class=\"clear-filters js-clear-filters\" type=\"button\" aria-label=\"Elimina filtri\"><\/button>\n\t\t\t<\/div>\n\n\t\t<\/div>\n\n\n\t<\/div>\n\n\n\t<div class=\"ajax__posts\">\n\t\t\t<div class=\"tease-coach\">\n\t\t\n\t\t<div class=\"title\">\n\t\t\tSilvia P.\n\t\t<\/div>\n\n\t\t\n\t<\/div>\n\t<div class=\"tease-coach\">\n\t\t\n\t\t<div class=\"title\">\n\t\t\tAntonio S.\n\t\t<\/div>\n\n\t\t\n\t<\/div>\n\t<div class=\"tease-coach\">\n\t\t\n\t\t<div class=\"title\">\n\t\t\tElisabetta R.\n\t\t<\/div>\n\n\t\t\n\t<\/div>\n\t<div class=\"tease-coach\">\n\t\t\n\t\t<div class=\"title\">\n\t\t\tIlaria M.\n\t\t<\/div>\n\n\t\t\n\t<\/div>\n\t<div class=\"tease-coach\">\n\t\t\n\t\t<div class=\"title\">\n\t\t\tChiara C.\n\t\t<\/div>\n\n\t\t\n\t<\/div>\n\t<div class=\"tease-coach\">\n\t\t\n\t\t<div class=\"title\">\n\t\t\tDaniela F.\n\t\t<\/div>\n\n\t\t\n\t<\/div>\n\t<div class=\"tease-coach\">\n\t\t\n\t\t<div class=\"title\">\n\t\t\tDiego P.\n\t\t<\/div>\n\n\t\t\n\t<\/div>\n\t<div class=\"tease-coach\">\n\t\t\n\t\t<div class=\"title\">\n\t\t\tGiuseppe C.\n\t\t<\/div>\n\n\t\t\n\t<\/div>\n\t<div class=\"tease-coach\">\n\t\t\n\t\t<div class=\"title\">\n\t\t\tElena O.\n\t\t<\/div>\n\n\t\t\n\t<\/div>\n\t<div class=\"tease-coach\">\n\t\t\n\t\t<div class=\"title\">\n\t\t\tAlessandra P.\n\t\t<\/div>\n\n\t\t\n\t<\/div>\n\t<div class=\"tease-coach\">\n\t\t\n\t\t<div class=\"title\">\n\t\t\tMaria Paola M.\n\t\t<\/div>\n\n\t\t\n\t<\/div>\n\t<div class=\"tease-coach\">\n\t\t\n\t\t<div class=\"title\">\n\t\t\tDaniela C.\n\t\t<\/div>\n\n\t\t\n\t<\/div>\n\t<div class=\"tease-coach\">\n\t\t\n\t\t<div class=\"title\">\n\t\t\tSolange C.\n\t\t<\/div>\n\n\t\t\n\t<\/div>\n\t<div class=\"tease-coach\">\n\t\t\n\t\t<div class=\"title\">\n\t\t\tFabio D.\n\t\t<\/div>\n\n\t\t\n\t<\/div>\n\t<div class=\"tease-coach\">\n\t\t\n\t\t<div class=\"title\">\n\t\t\tRossana S.\n\t\t<\/div>\n\n\t\t\n\t<\/div>\n\t<div class=\"tease-coach\">\n\t\t\n\t\t<div class=\"title\">\n\t\t\tLara B.\n\t\t<\/div>\n\n\t\t\n\t<\/div>\n\t<\/div>\n\n\t<div class=\"loading\">\n\t\t<?xml version=\"1.0\" encoding=\"utf-8\"?>\n<svg xmlns=\"http:\/\/www.w3.org\/2000\/svg\" xmlns:xlink=\"http:\/\/www.w3.org\/1999\/xlink\" style=\"margin: auto; background: rgba(255, 255, 255, 0); display: block; shape-rendering: auto;\" width=\"83px\" height=\"83px\" viewBox=\"0 0 100 100\" preserveAspectRatio=\"xMidYMid\">\n<circle cx=\"50\" cy=\"50\" r=\"32\" stroke-width=\"9\" stroke=\"#164F78\" stroke-dasharray=\"50.26548245743669 50.26548245743669\" fill=\"none\" stroke-linecap=\"round\">\n  <animateTransform attributeName=\"transform\" type=\"rotate\" repeatCount=\"indefinite\" dur=\"0.970873786407767s\" keyTimes=\"0;1\" values=\"0 50 50;360 50 50\"><\/animateTransform>\n<\/circle>\n<!-- [ldio] generated by https:\/\/loading.io\/ --><\/svg>\n\t<\/div>\n\n\n<\/section>\n\n\n\n\n\t\n\n<section id=\"form-block\" class=\"form aligncenter pt-50 plr-10 dark-mode\" data-block=\"block_1d337aedbb06cf05d6cf32a87e71720b\" data-scrollreveal=\"fade-up\">\n\n\n\t<div class=\"text-wrap col-wrap\">\n\n\t\t\n\t\t\t<div class=\"text\">\n\t\t\t\t<h2>Hai bisogno di aiuto nella scelta del coach?<\/h2>\n<h4>Compila il modulo per chiedere il supporto del team di Ellecubica.<\/h4>\n\n\n\t\t\t\t\n\t\t\t<\/div>\n\n\t\t\n\t<\/div>\n\n\t\n\t\t<div class=\"contact-form col-wrap\">\n\n\t\t\t\t\t\t\t<script src=https:\/\/academy.ellecubica.it\/en\/forms\/2149274361\/embed.js><\/script>\n\t\t\t\n\t\t<\/div>\n\n\t\n\n<\/section>\n\n\n\n\n\n<section class=\"elenco-immagine aligncenter blue  bg-light-blue\" data-block=\"block_e8d7da6c5653f1e9657a31b973b38256\" data-scrollreveal=\"fade-up\">\n\n\n\t<div class=\"col-wrap text-wrap plr-5 pt-100 pb-100\">\n\t\t<div class=\"main-title\">\n\t\t\t<h2>La coachability: il punto di partenza che determina il metodo di intervento.<\/h2>\n<p>La <strong>coachability<\/strong> non \u00e8 solo valutare se una persona \u00e8 pronta per il coaching, ma anche comprendere come accompagnarla al meglio. Alcuni clienti sono pronti per l&#8217;autonomia totale, altri hanno bisogno di maggiore supporto.<\/p>\n<p>Quando la coachability \u00e8 alta, lavoriamo in modalit\u00e0 coaching puro con strumenti esplorativi e domande potenti. Quando \u00e8 pi\u00f9 bassa, introduciamo elementi di mentoring o formazione per restituire consapevolezza e competenze di base. L&#8217;obiettivo \u00e8 sempre guidare verso l&#8217;autonomia, rispettando tempi e risorse individuali.<\/p>\n\n\t\t<\/div>\n\n\t\t\n\t\t\t<ul class=\"list-wrap\">\n\n\t\t\t\t\n\t\t\t<\/ul>\n\n\n\t\t\n\t\t\n\n\t<\/div>\n\n\n\t<div class=\"col-wrap image-wrap\">\n\t\t<img decoding=\"async\" src=\"https:\/\/ellecubica.it\/en\/wp-content\/uploads\/sites\/3\/coaching-consulenza-aziende.webp\" alt=\"https:\/\/ellecubica.it\/en\/wp-content\/uploads\/sites\/3\/coaching-consulenza-aziende.webp\" class=\"cover\">\n\t\t\t\t\t<svg width=\"149\" height=\"151\" viewBox=\"0 0 149 151\" fill=\"none\" xmlns=\"http:\/\/www.w3.org\/2000\/svg\">\n<path d=\"M51.6878 0H0V151H149V97.9403H51.6878V0Z\" fill=\"white\"\/>\n<\/svg>\n\n\t\t\t<\/div>\n\n\n<\/section>\n","protected":false},"excerpt":{"rendered":"","protected":false},"author":1,"featured_media":0,"parent":0,"menu_order":0,"comment_status":"closed","ping_status":"closed","template":"","meta":{"_acf_changed":false,"footnotes":""},"class_list":["post-1243","page","type-page","status-publish","hentry"],"acf":[],"yoast_head":"<!-- This site is optimized with the Yoast SEO plugin v27.2 - https:\/\/yoast.com\/product\/yoast-seo-wordpress\/ -->\n<title>Trova Il Tuo Coach | I Coach Qualificati Ellecubica<\/title>\n<meta name=\"description\" content=\"Vuoi affidarti ai coach di Ellecubica ma non sai quale scegliere? Contatta il nostro team ed insieme troveremo il tuo coach ideale.\" \/>\n<meta name=\"robots\" content=\"noindex, follow, max-snippet:-1, max-image-preview:large, max-video-preview:-1\" \/>\n<meta property=\"og:locale\" content=\"en_US\" \/>\n<meta property=\"og:type\" content=\"article\" \/>\n<meta property=\"og:title\" content=\"Trova Il Tuo Coach | I Coach Qualificati Ellecubica\" \/>\n<meta property=\"og:description\" content=\"Vuoi affidarti ai coach di Ellecubica ma non sai quale scegliere? Contatta il nostro team ed insieme troveremo il tuo coach ideale.\" \/>\n<meta property=\"og:url\" content=\"https:\/\/ellecubica.it\/en\/trova-il-tuo-coach\/\" \/>\n<meta property=\"og:site_name\" content=\"Ellecubica EN\" \/>\n<meta property=\"article:modified_time\" content=\"2025-10-13T15:26:50+00:00\" \/>\n<meta name=\"twitter:card\" content=\"summary_large_image\" \/>\n<script type=\"application\/ld+json\" class=\"yoast-schema-graph\">{\"@context\":\"https:\/\/schema.org\",\"@graph\":[{\"@type\":\"WebPage\",\"@id\":\"https:\/\/ellecubica.it\/en\/trova-il-tuo-coach\/\",\"url\":\"https:\/\/ellecubica.it\/en\/trova-il-tuo-coach\/\",\"name\":\"Trova Il Tuo Coach | I Coach Qualificati Ellecubica\",\"isPartOf\":{\"@id\":\"https:\/\/ellecubica.it\/en\/#website\"},\"datePublished\":\"2025-08-25T15:57:47+00:00\",\"dateModified\":\"2025-10-13T15:26:50+00:00\",\"description\":\"Vuoi affidarti ai coach di Ellecubica ma non sai quale scegliere? Contatta il nostro team ed insieme troveremo il tuo coach ideale.\",\"breadcrumb\":{\"@id\":\"https:\/\/ellecubica.it\/en\/trova-il-tuo-coach\/#breadcrumb\"},\"inLanguage\":\"en-US\",\"potentialAction\":[{\"@type\":\"ReadAction\",\"target\":[\"https:\/\/ellecubica.it\/en\/trova-il-tuo-coach\/\"]}]},{\"@type\":\"BreadcrumbList\",\"@id\":\"https:\/\/ellecubica.it\/en\/trova-il-tuo-coach\/#breadcrumb\",\"itemListElement\":[{\"@type\":\"ListItem\",\"position\":1,\"name\":\"Home\",\"item\":\"https:\/\/ellecubica.it\/en\/\"},{\"@type\":\"ListItem\",\"position\":2,\"name\":\"Trova il tuo coach\"}]},{\"@type\":\"WebSite\",\"@id\":\"https:\/\/ellecubica.it\/en\/#website\",\"url\":\"https:\/\/ellecubica.it\/en\/\",\"name\":\"Ellecubica EN\",\"description\":\"\",\"potentialAction\":[{\"@type\":\"SearchAction\",\"target\":{\"@type\":\"EntryPoint\",\"urlTemplate\":\"https:\/\/ellecubica.it\/en\/?s={search_term_string}\"},\"query-input\":{\"@type\":\"PropertyValueSpecification\",\"valueRequired\":true,\"valueName\":\"search_term_string\"}}],\"inLanguage\":\"en-US\"}]}<\/script>\n<!-- \/ Yoast SEO plugin. -->","yoast_head_json":{"title":"Trova Il Tuo Coach | I Coach Qualificati Ellecubica","description":"Vuoi affidarti ai coach di Ellecubica ma non sai quale scegliere? Contatta il nostro team ed insieme troveremo il tuo coach ideale.","robots":{"index":"noindex","follow":"follow","max-snippet":"max-snippet:-1","max-image-preview":"max-image-preview:large","max-video-preview":"max-video-preview:-1"},"og_locale":"en_US","og_type":"article","og_title":"Trova Il Tuo Coach | I Coach Qualificati Ellecubica","og_description":"Vuoi affidarti ai coach di Ellecubica ma non sai quale scegliere? Contatta il nostro team ed insieme troveremo il tuo coach ideale.","og_url":"https:\/\/ellecubica.it\/en\/trova-il-tuo-coach\/","og_site_name":"Ellecubica EN","article_modified_time":"2025-10-13T15:26:50+00:00","twitter_card":"summary_large_image","schema":{"@context":"https:\/\/schema.org","@graph":[{"@type":"WebPage","@id":"https:\/\/ellecubica.it\/en\/trova-il-tuo-coach\/","url":"https:\/\/ellecubica.it\/en\/trova-il-tuo-coach\/","name":"Trova Il Tuo Coach | I Coach Qualificati Ellecubica","isPartOf":{"@id":"https:\/\/ellecubica.it\/en\/#website"},"datePublished":"2025-08-25T15:57:47+00:00","dateModified":"2025-10-13T15:26:50+00:00","description":"Vuoi affidarti ai coach di Ellecubica ma non sai quale scegliere? Contatta il nostro team ed insieme troveremo il tuo coach ideale.","breadcrumb":{"@id":"https:\/\/ellecubica.it\/en\/trova-il-tuo-coach\/#breadcrumb"},"inLanguage":"en-US","potentialAction":[{"@type":"ReadAction","target":["https:\/\/ellecubica.it\/en\/trova-il-tuo-coach\/"]}]},{"@type":"BreadcrumbList","@id":"https:\/\/ellecubica.it\/en\/trova-il-tuo-coach\/#breadcrumb","itemListElement":[{"@type":"ListItem","position":1,"name":"Home","item":"https:\/\/ellecubica.it\/en\/"},{"@type":"ListItem","position":2,"name":"Trova il tuo coach"}]},{"@type":"WebSite","@id":"https:\/\/ellecubica.it\/en\/#website","url":"https:\/\/ellecubica.it\/en\/","name":"Ellecubica EN","description":"","potentialAction":[{"@type":"SearchAction","target":{"@type":"EntryPoint","urlTemplate":"https:\/\/ellecubica.it\/en\/?s={search_term_string}"},"query-input":{"@type":"PropertyValueSpecification","valueRequired":true,"valueName":"search_term_string"}}],"inLanguage":"en-US"}]}},"_links":{"self":[{"href":"https:\/\/ellecubica.it\/en\/wp-json\/wp\/v2\/pages\/1243","targetHints":{"allow":["GET"]}}],"collection":[{"href":"https:\/\/ellecubica.it\/en\/wp-json\/wp\/v2\/pages"}],"about":[{"href":"https:\/\/ellecubica.it\/en\/wp-json\/wp\/v2\/types\/page"}],"author":[{"embeddable":true,"href":"https:\/\/ellecubica.it\/en\/wp-json\/wp\/v2\/users\/1"}],"replies":[{"embeddable":true,"href":"https:\/\/ellecubica.it\/en\/wp-json\/wp\/v2\/comments?post=1243"}],"version-history":[{"count":0,"href":"https:\/\/ellecubica.it\/en\/wp-json\/wp\/v2\/pages\/1243\/revisions"}],"wp:attachment":[{"href":"https:\/\/ellecubica.it\/en\/wp-json\/wp\/v2\/media?parent=1243"}],"curies":[{"name":"wp","href":"https:\/\/api.w.org\/{rel}","templated":true}]}}